{"id":10,"date":"2021-05-13T05:31:27","date_gmt":"2021-05-13T05:31:27","guid":{"rendered":"http:\/\/dentalpeal.com\/?page_id=10"},"modified":"2022-04-17T10:06:33","modified_gmt":"2022-04-17T10:06:33","slug":"home","status":"publish","type":"page","link":"https:\/\/dentalpeal.com\/","title":{"rendered":"Inicio"},"content":{"rendered":"\n<p><\/p>\n\n\n\n<div class=\"wp-block-cover alignfull is-light\" style=\"min-height:900px;aspect-ratio:unset;\"><span aria-hidden=\"true\" class=\"has-ast-global-color-0-background-color wp-block-cover__gradient-background has-background-dim\"><\/span><img decoding=\"async\" class=\"wp-block-cover__image-background\" alt=\"\" src=\"blob:https:\/\/dentalpeal.com\/93fd2624-934b-4a2f-a47f-e581782e9954\" data-object-fit=\"cover\"\/><div class=\"wp-block-cover__inner-container is-layout-flow wp-block-cover-is-layout-flow\">\n<div class=\"wp-block-image is-style-default\"><figure class=\"aligncenter size-large is-resized\"><img loading=\"lazy\" decoding=\"async\" src=\"https:\/\/dentalpeal.com\/wp-content\/uploads\/2022\/04\/Logo-miguel-y-puerta-clinica-2-edited.png\" alt=\"\" class=\"wp-image-274\" width=\"914\" height=\"393\"\/><\/figure><\/div>\n\n\n\n<div class=\"wp-block-media-text alignwide has-media-on-the-right is-stacked-on-mobile is-vertically-aligned-center\" style=\"grid-template-columns:auto 46%\"><figure class=\"wp-block-media-text__media\"><video controls src=\"https:\/\/dentalpeal.com\/wp-content\/uploads\/2022\/04\/Miguel-Angel-HD2.mp4\"><\/video><\/figure><div class=\"wp-block-media-text__content\">\n<h1 class=\"has-text-color wp-block-heading\" style=\"color:#ffffff\">SU CL\u00cdNICA DENTAL DE CONFIANZA<\/h1>\n\n\n\n<p class=\"has-text-color\" style=\"color:#ffffff\"><font style=\"vertical-align: inherit;\"><font style=\"vertical-align: inherit;\">Les ofrecemos de forma profesional y con las \u00faltimas t\u00e9cnicas al alcance solo de los mejores todos nuestros servicios de odontolog\u00eda general as\u00ed como la m\u00e1s completa gama de ODONTOLOG\u00cdA EST\u00c9TICA incluyendo nuestra Ortodoncia Invisible<\/font><\/font>, Tratamiento con \u00e1cido Hialur\u00f3nico y nuestros Implantes Dentales con materiales de primer\u00edsima calidad y Tecnolog\u00eda Alemana<\/p>\n\n\n\n<div class=\"wp-block-buttons is-layout-flex wp-block-buttons-is-layout-flex\">\n<div class=\"wp-block-button\"><a class=\"wp-block-button__link has-ast-global-color-0-color has-ast-global-color-4-background-color has-text-color has-background\" href=\"#\">Te llamamos nosotros<\/a><\/div>\n<\/div>\n<\/div><\/div>\n<\/div><\/div>\n\n\n\n<p><\/p>\n\n\n\n<div class=\"inherit-container-width wp-block-group alignfull has-ast-global-color-5-background-color has-background is-layout-constrained wp-block-group-is-layout-constrained\"><div class=\"wp-block-group__inner-container\">\n<div class=\"wp-block-media-text alignwide is-stacked-on-mobile\" style=\"grid-template-columns:42% auto\"><figure class=\"wp-block-media-text__media\"><img loading=\"lazy\" decoding=\"async\" width=\"333\" height=\"398\" src=\"https:\/\/dentalpeal.com\/wp-content\/uploads\/2022\/04\/Foto-Miguel-consulta.jpg\" alt=\"\" class=\"wp-image-269 size-full\" srcset=\"https:\/\/dentalpeal.com\/wp-content\/uploads\/2022\/04\/Foto-Miguel-consulta.jpg 333w, https:\/\/dentalpeal.com\/wp-content\/uploads\/2022\/04\/Foto-Miguel-consulta-251x300.jpg 251w\" sizes=\"auto, (max-width: 333px) 100vw, 333px\" \/><\/figure><div class=\"wp-block-media-text__content\">\n<h5 class=\"wp-block-heading\">\u00bfQui\u00e9nes somos?<\/h5>\n\n\n\n<h2 class=\"wp-block-heading\"><font style=\"vertical-align: inherit;\"><font style=\"vertical-align: inherit;\">Un equipo de profesionale<\/font><\/font>s en Odontolog\u00eda Est\u00e9tica y General<\/h2>\n\n\n\n<p>&nbsp; Perm\u00edtanme presentarme y darles la bienvenida a mi consulta de D. Miguel \u00c1ngel Almaz\u00e1n con m\u00e1s de 25 a\u00f1os de trayectoria profesional, donde sin duda encontrar\u00e1n la &nbsp;soluci\u00f3n m\u00e1s adecuada y personalizada al problema que le preocupa. Disponemos de la mejor tecnolog\u00eda de vanguardia y unas instalaciones c\u00f3modas y modernas para que su tratamiento con nosotros sea en las mejores condiciones de trabajo y por supuesto humanas. Esperamos poder verles pronto para una valoraci\u00f3n y presupuesto gratuitos y darles el mejor de los consejos y confecci\u00f3n de su futuro tratamiento. Disponemos de la mejor relaci\u00f3n calidad precio y por supuesto&nbsp;financiaci\u00f3n a medida para ustedes en todos nuestros tratamientos con&nbsp; nuestra financiera<\/p>\n\n\n\n<div class=\"wp-block-buttons is-layout-flex wp-block-buttons-is-layout-flex\">\n<div class=\"wp-block-button\"><a class=\"wp-block-button__link\">Conocenos m\u00e1s<\/a><\/div>\n<\/div>\n<\/div><\/div>\n\n\n\n<div style=\"height:30px\" aria-hidden=\"true\" class=\"wp-block-spacer\"><\/div>\n\n\n\n<h2 class=\"has-text-align-center wp-block-heading\">\u00bfEn qu\u00e9 te podemos ayudar?<\/h2>\n\n\n\n<div class=\"wp-block-columns alignwide is-layout-flex wp-container-core-columns-is-layout-28f84493 wp-block-columns-is-layout-flex\">\n<div class=\"wp-block-column is-layout-flow wp-block-column-is-layout-flow\">\n<figure class=\"wp-block-image size-full is-resized is-style-default\"><img loading=\"lazy\" decoding=\"async\" src=\"https:\/\/dentalpeal.com\/wp-content\/uploads\/2022\/04\/Foto-consultoria-dental.png\" alt=\"\" class=\"wp-image-270\" width=\"298\" height=\"298\" srcset=\"https:\/\/dentalpeal.com\/wp-content\/uploads\/2022\/04\/Foto-consultoria-dental.png 300w, https:\/\/dentalpeal.com\/wp-content\/uploads\/2022\/04\/Foto-consultoria-dental-150x150.png 150w\" sizes=\"auto, (max-width: 298px) 100vw, 298px\" \/><\/figure>\n\n\n\n<h4 class=\"wp-block-heading\">               Consultor\u00eda<\/h4>\n\n\n\n<p>Sin largas esperas; solo p\u00f3ngase en contacto con nosotros y en breve tendr\u00e1 su valoraci\u00f3n y diagn\u00f3stico y c\u00f3mo ser\u00eda su tratamiento; por supuesto sin compromiso<\/p>\n<\/div>\n\n\n\n<div class=\"wp-block-column is-layout-flow wp-block-column-is-layout-flow\">\n<figure class=\"wp-block-image size-full is-resized\"><img loading=\"lazy\" decoding=\"async\" src=\"https:\/\/dentalpeal.com\/wp-content\/uploads\/2022\/04\/Foto-cuidado-dental.jpg\" alt=\"\" class=\"wp-image-271\" width=\"245\" height=\"325\"\/><\/figure>\n\n\n\n<h4 class=\"wp-block-heading\">      Cuidado dental General<\/h4>\n\n\n\n<p>Recuerde que es importante visitar a su dentista cada 6 meses como prevenci\u00f3n y&nbsp;que nuestra salud dental sea de primera. Estaremos encantados de ser su dentista de cabecera<\/p>\n<\/div>\n\n\n\n<div class=\"wp-block-column is-layout-flow wp-block-column-is-layout-flow\">\n<figure class=\"wp-block-image size-full is-resized\"><img loading=\"lazy\" decoding=\"async\" src=\"https:\/\/dentalpeal.com\/wp-content\/uploads\/2022\/04\/Foto-odontologia-estetica.jpg\" alt=\"\" class=\"wp-image-272\" width=\"292\" height=\"219\"\/><\/figure>\n\n\n\n<h4 class=\"wp-block-heading\">       Odontolog\u00eda Est\u00e9tica<\/h4>\n\n\n\n<p>Disponemos de todos los avances de \u00faltima generaci\u00f3n para su tratamiento est\u00e9tico con nosotros:<\/p>\n\n\n\n<p>-Ortodoncia Invisible y Tradicional -Tratamientos \u00c1cido Hialur\u00f3nico     -Implantes <\/p>\n<\/div>\n<\/div>\n\n\n\n<div class=\"wp-block-buttons is-horizontal is-content-justification-center is-layout-flex wp-container-core-buttons-is-layout-03627597 wp-block-buttons-is-layout-flex\">\n<div class=\"wp-block-button\"><a class=\"wp-block-button__link\">Ver todos nuestros servicios<\/a><\/div>\n<\/div>\n<\/div><\/div>\n\n\n\n<div class=\"inherit-container-width wp-block-group alignfull has-ast-global-color-5-background-color has-background is-layout-constrained wp-block-group-is-layout-constrained\"><div class=\"wp-block-group__inner-container\">\n<h2 class=\"has-text-align-center wp-block-heading\">NUESTROS CLIENTES OPINAN<\/h2>\n\n\n\n<div class=\"wp-block-columns alignwide is-layout-flex wp-container-core-columns-is-layout-28f84493 wp-block-columns-is-layout-flex\">\n<div class=\"wp-block-column is-layout-flow wp-block-column-is-layout-flow\">\n<p class=\"has-text-align-left\">Me desplazo desde otra provincia a su consulta ya que tengo cierta fobia a los dentistas por experiencias pasadas y tengo que admitir que con D. Miguel me sent\u00ed muy seguro desde que empez\u00f3 a tratarme hace ya casi 20 a\u00f1os. Profesionales de Matricula de Honor sin duda<\/p>\n\n\n\n<div class=\"wp-block-image is-style-rounded\"><figure class=\"aligncenter size-large is-resized\"><img loading=\"lazy\" decoding=\"async\" src=\"http:\/\/dentalpeal.com\/wp-content\/uploads\/2021\/06\/customer-4.jpg\" alt=\"\" class=\"wp-image-247\" width=\"50\" height=\"50\" srcset=\"https:\/\/dentalpeal.com\/wp-content\/uploads\/2021\/06\/customer-4.jpg 200w, https:\/\/dentalpeal.com\/wp-content\/uploads\/2021\/06\/customer-4-150x150.jpg 150w\" sizes=\"auto, (max-width: 50px) 100vw, 50px\" \/><\/figure><\/div>\n\n\n\n<p class=\"has-text-align-center\">Javier Mingo<\/p>\n<\/div>\n\n\n\n<div class=\"wp-block-column is-layout-flow wp-block-column-is-layout-flow\">\n<p class=\"has-text-align-left\">Quer\u00eda desde hace tiempo ponerme unos implantes ya que me faltaban algunos dientes y todo se precipit\u00f3 al tener un accidente donde me \u00absaltaron\u00bb 2 dientes muy visibles. Miguel \u00c1ngel  e Isabel me tranquilizaron mucho y todo se hizo con m\u00e1s rapidez de lo que yo esperaba por lo que le estoy muy agradecido<\/p>\n\n\n\n<div class=\"wp-block-image is-style-rounded\"><figure class=\"aligncenter size-large is-resized\"><img loading=\"lazy\" decoding=\"async\" src=\"http:\/\/dentalpeal.com\/wp-content\/uploads\/2021\/05\/customer-1.jpg\" alt=\"\" class=\"wp-image-79\" width=\"50\" height=\"50\" srcset=\"https:\/\/dentalpeal.com\/wp-content\/uploads\/2021\/05\/customer-1.jpg 200w, https:\/\/dentalpeal.com\/wp-content\/uploads\/2021\/05\/customer-1-150x150.jpg 150w\" sizes=\"auto, (max-width: 50px) 100vw, 50px\" \/><\/figure><\/div>\n\n\n\n<p class=\"has-text-align-center\">Pedro Alc\u00e1ntara<\/p>\n<\/div>\n\n\n\n<div class=\"wp-block-column is-layout-flow wp-block-column-is-layout-flow\">\n<p class=\"has-text-align-left\">Fuimos mi madre y yo juntas a hacerme una Ortodoncia Invisible y ella un tratamiento con \u00c1cido Hialur\u00f3nico. Fuimos por referencias de un amigo de la zona y la verdad es que el desplazamiento ha merecido la pena, mi madre est\u00e1 content\u00edsima y yo estoy viendo el resultado d\u00eda a d\u00eda y me siento cada d\u00eda mejor al ver los avances. Voy a tener la sonrisa de Julia Roberts&#8230;jajaja<\/p>\n\n\n\n<div class=\"wp-block-image is-style-rounded\"><figure class=\"aligncenter size-large is-resized\"><img loading=\"lazy\" decoding=\"async\" src=\"http:\/\/dentalpeal.com\/wp-content\/uploads\/2021\/05\/customer-3.jpg\" alt=\"\" class=\"wp-image-84\" width=\"50\" height=\"50\" srcset=\"https:\/\/dentalpeal.com\/wp-content\/uploads\/2021\/05\/customer-3.jpg 200w, https:\/\/dentalpeal.com\/wp-content\/uploads\/2021\/05\/customer-3-150x150.jpg 150w\" sizes=\"auto, (max-width: 50px) 100vw, 50px\" \/><\/figure><\/div>\n\n\n\n<p class=\"has-text-align-center\">M\u00aa Jos\u00e9 Ortiz<\/p>\n<\/div>\n<\/div>\n<\/div><\/div>\n\n\n\n<div class=\"inherit-container-width wp-block-group alignfull has-ast-global-color-5-background-color has-background is-layout-constrained wp-block-group-is-layout-constrained\"><div class=\"wp-block-group__inner-container\">\n<h2 class=\"has-text-align-center wp-block-heading\">ALGUNOS EJEMPLOS<\/h2>\n\n\n\n<figure class=\"wp-block-gallery has-nested-images columns-4 is-cropped wp-block-gallery-1 is-layout-flex wp-block-gallery-is-layout-flex\">\n<figure class=\"wp-block-image size-large\"><img loading=\"lazy\" decoding=\"async\" width=\"1024\" height=\"909\" data-id=\"281\" src=\"https:\/\/dentalpeal.com\/wp-content\/uploads\/2022\/04\/Antes-despues-implantes-1024x909.jpg\" alt=\"\" class=\"wp-image-281\" srcset=\"https:\/\/dentalpeal.com\/wp-content\/uploads\/2022\/04\/Antes-despues-implantes-1024x909.jpg 1024w, https:\/\/dentalpeal.com\/wp-content\/uploads\/2022\/04\/Antes-despues-implantes-300x266.jpg 300w, https:\/\/dentalpeal.com\/wp-content\/uploads\/2022\/04\/Antes-despues-implantes-768x681.jpg 768w, https:\/\/dentalpeal.com\/wp-content\/uploads\/2022\/04\/Antes-despues-implantes-1536x1363.jpg 1536w, https:\/\/dentalpeal.com\/wp-content\/uploads\/2022\/04\/Antes-despues-implantes-2048x1817.jpg 2048w\" sizes=\"auto, (max-width: 1024px) 100vw, 1024px\" \/><\/figure>\n\n\n\n<figure class=\"wp-block-image size-full\"><img loading=\"lazy\" decoding=\"async\" width=\"204\" height=\"132\" data-id=\"287\" src=\"https:\/\/dentalpeal.com\/wp-content\/uploads\/2022\/04\/ortodoncia-invisible-1.jpg\" alt=\"\" class=\"wp-image-287\"\/><\/figure>\n\n\n\n<figure class=\"wp-block-image size-full\"><img loading=\"lazy\" decoding=\"async\" width=\"320\" height=\"157\" data-id=\"283\" src=\"https:\/\/dentalpeal.com\/wp-content\/uploads\/2022\/04\/acido-hialuronico-antes-despues.jpg\" alt=\"\" class=\"wp-image-283\" srcset=\"https:\/\/dentalpeal.com\/wp-content\/uploads\/2022\/04\/acido-hialuronico-antes-despues.jpg 320w, https:\/\/dentalpeal.com\/wp-content\/uploads\/2022\/04\/acido-hialuronico-antes-despues-300x147.jpg 300w\" sizes=\"auto, (max-width: 320px) 100vw, 320px\" \/><\/figure>\n<\/figure>\n<\/div><\/div>\n\n\n\n<div class=\"wp-block-cover alignfull\" style=\"min-height:200px;aspect-ratio:unset;\"><span aria-hidden=\"true\" class=\"has-ast-global-color-0-background-color has-background-dim-100 wp-block-cover__gradient-background has-background-dim\"><\/span><div class=\"wp-block-cover__inner-container is-layout-flow wp-block-cover-is-layout-flow\">\n<div class=\"wp-block-media-text is-stacked-on-mobile is-vertically-aligned-center\"><figure class=\"wp-block-media-text__media\"><img loading=\"lazy\" decoding=\"async\" width=\"1000\" height=\"667\" src=\"https:\/\/dentalpeal.com\/wp-content\/uploads\/2022\/04\/Odontologi\u0301a-conservadora.jpg\" alt=\"\" class=\"wp-image-280 size-full\" srcset=\"https:\/\/dentalpeal.com\/wp-content\/uploads\/2022\/04\/Odontologi\u0301a-conservadora.jpg 1000w, https:\/\/dentalpeal.com\/wp-content\/uploads\/2022\/04\/Odontologi\u0301a-conservadora-300x200.jpg 300w, https:\/\/dentalpeal.com\/wp-content\/uploads\/2022\/04\/Odontologi\u0301a-conservadora-768x512.jpg 768w\" sizes=\"auto, (max-width: 1000px) 100vw, 1000px\" \/><\/figure><div class=\"wp-block-media-text__content\">\n<div class=\"inherit-container-width wp-block-group is-layout-constrained wp-block-group-is-layout-constrained\"><div class=\"wp-block-group__inner-container\">\n<h3 class=\"has-text-align-center has-white-color has-text-color wp-block-heading\">Aqu\u00ed estamos para ayudarle             ! ll\u00e1menos hoy mismo !<\/h3>\n\n\n\n<div class=\"wp-block-buttons is-horizontal is-content-justification-center is-layout-flex wp-container-core-buttons-is-layout-03627597 wp-block-buttons-is-layout-flex\">\n<div class=\"wp-block-button\"><a class=\"wp-block-button__link has-ast-global-color-0-color has-ast-global-color-4-background-color has-text-color has-background\" href=\"#\">953 716 303<\/a><\/div>\n<\/div>\n<\/div><\/div>\n<\/div><\/div>\n<\/div><\/div>\n\n\n\n<p><\/p>\n","protected":false},"excerpt":{"rendered":"<p>\u00bfQui\u00e9nes somos? Un equipo de profesionales en Odontolog\u00eda Est\u00e9tica y General &nbsp; Perm\u00edtanme presentarme y darles la bienvenida a mi consulta de D. Miguel \u00c1ngel Almaz\u00e1n con m\u00e1s de 25 a\u00f1os de trayectoria profesional, donde sin duda encontrar\u00e1n la &nbsp;soluci\u00f3n m\u00e1s adecuada y personalizada al problema que le preocupa. Disponemos de la mejor tecnolog\u00eda de &hellip;<\/p>\n<p class=\"read-more\"> <a class=\"\" href=\"https:\/\/dentalpeal.com\/\"> <span class=\"screen-reader-text\">Inicio<\/span> Leer m\u00e1s &raquo;<\/a><\/p>\n","protected":false},"author":1,"featured_media":0,"parent":0,"menu_order":0,"comment_status":"closed","ping_status":"closed","template":"","meta":{"om_disable_all_campaigns":false,"_monsterinsights_skip_tracking":false,"_monsterinsights_sitenote_active":false,"_monsterinsights_sitenote_note":"","_monsterinsights_sitenote_category":0,"site-sidebar-layout":"no-sidebar","site-content-layout":"plain-container","ast-site-content-layout":"","site-content-style":"default","site-sidebar-style":"default","ast-global-header-display":"","ast-banner-title-visibility":"","ast-main-header-display":"","ast-hfb-above-header-display":"","ast-hfb-below-header-display":"","ast-hfb-mobile-header-display":"","site-post-title":"disabled","ast-breadcrumbs-content":"","ast-featured-img":"","footer-sml-layout":"","theme-transparent-header-meta":"enabled","adv-header-id-meta":"","stick-header-meta":"","header-above-stick-meta":"","header-main-stick-meta":"","header-below-stick-meta":"","astra-migrate-meta-layouts":"","footnotes":""},"class_list":["post-10","page","type-page","status-publish","hentry"],"_links":{"self":[{"href":"https:\/\/dentalpeal.com\/index.php?rest_route=\/wp\/v2\/pages\/10","targetHints":{"allow":["GET"]}}],"collection":[{"href":"https:\/\/dentalpeal.com\/index.php?rest_route=\/wp\/v2\/pages"}],"about":[{"href":"https:\/\/dentalpeal.com\/index.php?rest_route=\/wp\/v2\/types\/page"}],"author":[{"embeddable":true,"href":"https:\/\/dentalpeal.com\/index.php?rest_route=\/wp\/v2\/users\/1"}],"replies":[{"embeddable":true,"href":"https:\/\/dentalpeal.com\/index.php?rest_route=%2Fwp%2Fv2%2Fcomments&post=10"}],"version-history":[{"count":7,"href":"https:\/\/dentalpeal.com\/index.php?rest_route=\/wp\/v2\/pages\/10\/revisions"}],"predecessor-version":[{"id":304,"href":"https:\/\/dentalpeal.com\/index.php?rest_route=\/wp\/v2\/pages\/10\/revisions\/304"}],"wp:attachment":[{"href":"https:\/\/dentalpeal.com\/index.php?rest_route=%2Fwp%2Fv2%2Fmedia&parent=10"}],"curies":[{"name":"wp","href":"https:\/\/api.w.org\/{rel}","templated":true}]}}