{"id":11,"date":"2021-05-13T05:31:27","date_gmt":"2021-05-13T05:31:27","guid":{"rendered":"http:\/\/dentalpeal.com\/?page_id=11"},"modified":"2022-04-14T17:30:07","modified_gmt":"2022-04-14T17:30:07","slug":"about","status":"publish","type":"page","link":"https:\/\/dentalpeal.com\/?page_id=11","title":{"rendered":"SOBRE NOSOTROS"},"content":{"rendered":"\n<div class=\"wp-block-cover alignfull\" style=\"min-height:500px;aspect-ratio:unset;\"><span aria-hidden=\"true\" class=\"has-ast-global-color-0-background-color has-background-dim-100 wp-block-cover__gradient-background has-background-dim\"><\/span><div class=\"wp-block-cover__inner-container is-layout-flow wp-block-cover-is-layout-flow\">\n<h1 class=\"has-white-color has-text-color wp-block-heading\">SOBRE MI<\/h1>\n\n\n\n<div class=\"wp-block-image is-style-default\"><figure class=\"alignleft\"><img decoding=\"async\" src=\"https:\/\/web.archive.org\/web\/20210127204024im_\/http:\/\/dentalpeal.com\/gallery_gen\/cd0562cbab8a1c3149df2a7a6670cb85_333x400.jpg\" alt=\"gallery\/img-20190119-wa0032\"\/><\/figure><\/div>\n\n\n\n<p>&nbsp; Perm\u00edtanme darles la bienvenida a mi consulta donde sin duda encontrar\u00e1n la &nbsp;soluci\u00f3n m\u00e1s adecuada y profesional al problema que le aqueja&nbsp;y preocupa. Disponemos de la mejor tecnolog\u00eda de vanguardia y unas instalaciones c\u00f3modas y modernas para que su tratamiento con nosotros sea en las mejores condiciones de trabajo y por supuesto humanas. Esperamos poder verles pronto para una valoraci\u00f3n y presupuesto gratuitos y darles el mejor de los consejos y confecci\u00f3n de su futuro tratamiento, aqu\u00ed les dejo un peque\u00f1o video de nuestros servicios. &nbsp;Disponemos de la mejor relaci\u00f3n calidad precio y por supuesto&nbsp;financiaci\u00f3n a medida para ustedes en todos nuestros tratamientos con&nbsp; nuestra financiera<\/p>\n<\/div><\/div>\n\n\n\n<div class=\"inherit-container-width wp-block-group alignfull has-ast-global-color-5-background-color has-background is-layout-constrained wp-block-group-is-layout-constrained\"><div class=\"wp-block-group__inner-container\">\n<div class=\"wp-block-media-text alignwide is-stacked-on-mobile has-ast-global-color-0-background-color has-background\"><figure class=\"wp-block-media-text__media\"><a href=\"https:\/\/youtu.be\/A7LHPWbr5nw\"><img loading=\"lazy\" decoding=\"async\" width=\"1024\" height=\"468\" src=\"https:\/\/dentalpeal.com\/wp-content\/uploads\/2022\/04\/Imagen-logo-boton-play-1024x468.png\" alt=\"\" class=\"wp-image-257 size-full\" srcset=\"https:\/\/dentalpeal.com\/wp-content\/uploads\/2022\/04\/Imagen-logo-boton-play-1024x468.png 1024w, https:\/\/dentalpeal.com\/wp-content\/uploads\/2022\/04\/Imagen-logo-boton-play-300x137.png 300w, https:\/\/dentalpeal.com\/wp-content\/uploads\/2022\/04\/Imagen-logo-boton-play-768x351.png 768w, https:\/\/dentalpeal.com\/wp-content\/uploads\/2022\/04\/Imagen-logo-boton-play.png 1292w\" sizes=\"auto, (max-width: 1024px) 100vw, 1024px\" \/><\/a><\/figure><div class=\"wp-block-media-text__content\">\n<h2 class=\"has-white-color has-text-color wp-block-heading\">Tratamos su Problema de Est\u00e9tica o Salud Dental con la Mayor Eficiencia<\/h2>\n\n\n\n<p class=\"has-text-color\" style=\"color:#ffffff\">We started off as a small 2 men army offering dedicated plumbing solutions in the neighborhood. This then expanded into a larger team offering a wider range of services at affordable prices. Whether it\u2019s repair or replacement, we make sure it\u2019s done well.<\/p>\n<\/div><\/div>\n<\/div><\/div>\n\n\n\n<div class=\"inherit-container-width wp-block-group alignfull has-ast-global-color-5-background-color has-background is-layout-constrained wp-block-group-is-layout-constrained\"><div class=\"wp-block-group__inner-container\">\n<div class=\"wp-block-columns alignwide is-layout-flex wp-container-core-columns-is-layout-28f84493 wp-block-columns-is-layout-flex\">\n<div class=\"wp-block-column is-layout-flow wp-block-column-is-layout-flow\" style=\"flex-basis:66.66%\">\n<h3 class=\"wp-block-heading\">Our Mission<\/h3>\n\n\n\n<p>We strive to provide the most reliable and efficient plumbing services, without compromising on quality or safety. We also aim to prove our quality skills, fair prices and customer care, so that we continue our business relationship for many years, beyond the first job we complete.<\/p>\n<\/div>\n\n\n\n<div class=\"wp-block-column is-layout-flow wp-block-column-is-layout-flow\" style=\"flex-basis:33.33%\">\n<h3 class=\"wp-block-heading\">Core Values<\/h3>\n\n\n\n<ul class=\"wp-block-list\"><li>Consider honesty as the key to a business\u2019s trustworthiness and integrity.<\/li><li>Always do the right thing to solve the customer\u2019s problem.<\/li><li>Perform all work with the highest level of excellence in mind.<\/li><\/ul>\n<\/div>\n<\/div>\n<\/div><\/div>\n\n\n\n<div class=\"inherit-container-width wp-block-group alignfull has-ast-global-color-5-background-color has-background is-layout-constrained wp-block-group-is-layout-constrained\"><div class=\"wp-block-group__inner-container\">\n<div class=\"wp-block-media-text has-media-on-the-right is-stacked-on-mobile is-vertically-aligned-center has-ast-global-color-0-background-color has-background\"><figure class=\"wp-block-media-text__media\"><img loading=\"lazy\" decoding=\"async\" width=\"960\" height=\"640\" src=\"http:\/\/dentalpeal.com\/wp-content\/uploads\/2021\/05\/plumbing-about.jpg\" alt=\"\" class=\"wp-image-60 size-full\" srcset=\"https:\/\/dentalpeal.com\/wp-content\/uploads\/2021\/05\/plumbing-about.jpg 960w, https:\/\/dentalpeal.com\/wp-content\/uploads\/2021\/05\/plumbing-about-300x200.jpg 300w, https:\/\/dentalpeal.com\/wp-content\/uploads\/2021\/05\/plumbing-about-768x512.jpg 768w\" sizes=\"auto, (max-width: 960px) 100vw, 960px\" \/><\/figure><div class=\"wp-block-media-text__content\">\n<h2 class=\"has-text-align-left has-white-color has-text-color wp-block-heading\">Why Choose Us?<\/h2>\n\n\n\n<p class=\"has-text-align-left has-white-color has-text-color\">We show you our appreciation by going above and beyond, ensuring a flawless experience. We can be your top choice today!<\/p>\n\n\n\n<ul class=\"has-text-color wp-block-list\" style=\"color:#f3f5f5\"><li>Highly qualified staff<\/li><li>Honest and flat-rate pricing<\/li><li>100% satisfaction guaranteed.<\/li><li>Wide service area<\/li><li>On-demand emergency services<\/li><\/ul>\n<\/div><\/div>\n<\/div><\/div>\n\n\n\n<div class=\"inherit-container-width wp-block-group alignfull has-ast-global-color-5-background-color has-background is-layout-constrained wp-block-group-is-layout-constrained\"><div class=\"wp-block-group__inner-container\">\n<h2 class=\"has-text-align-center wp-block-heading\">What Our Customers Say About Us<\/h2>\n\n\n\n<div class=\"wp-block-columns alignwide is-layout-flex wp-container-core-columns-is-layout-28f84493 wp-block-columns-is-layout-flex\">\n<div class=\"wp-block-column is-layout-flow wp-block-column-is-layout-flow\">\n<p class=\"has-text-align-center\">Sed ut pers piciatis unde omnis iste natus error sit volup tatem accus antium dolore mque laudan tium, totam rem aperiam, eaque ipsa quae ab illo inventore.<\/p>\n\n\n\n<div class=\"wp-block-image is-style-rounded\"><figure class=\"aligncenter size-large is-resized\"><img loading=\"lazy\" decoding=\"async\" src=\"http:\/\/dentalpeal.com\/wp-content\/uploads\/2021\/06\/customer-4.jpg\" alt=\"\" class=\"wp-image-247\" width=\"50\" height=\"50\" srcset=\"https:\/\/dentalpeal.com\/wp-content\/uploads\/2021\/06\/customer-4.jpg 200w, https:\/\/dentalpeal.com\/wp-content\/uploads\/2021\/06\/customer-4-150x150.jpg 150w\" sizes=\"auto, (max-width: 50px) 100vw, 50px\" \/><\/figure><\/div>\n\n\n\n<p class=\"has-text-align-center\">Martin Foster<\/p>\n<\/div>\n\n\n\n<div class=\"wp-block-column is-layout-flow wp-block-column-is-layout-flow\">\n<p class=\"has-text-align-center\">Sed ut pers piciatis unde omnis iste natus error sit volup tatem accus antium dolore mque laudan tium, totam rem aperiam, eaque ipsa quae ab illo inventore.<\/p>\n\n\n\n<div class=\"wp-block-image is-style-rounded\"><figure class=\"aligncenter size-large is-resized\"><img loading=\"lazy\" decoding=\"async\" src=\"http:\/\/dentalpeal.com\/wp-content\/uploads\/2021\/05\/customer-1.jpg\" alt=\"\" class=\"wp-image-79\" width=\"50\" height=\"50\" srcset=\"https:\/\/dentalpeal.com\/wp-content\/uploads\/2021\/05\/customer-1.jpg 200w, https:\/\/dentalpeal.com\/wp-content\/uploads\/2021\/05\/customer-1-150x150.jpg 150w\" sizes=\"auto, (max-width: 50px) 100vw, 50px\" \/><\/figure><\/div>\n\n\n\n<p class=\"has-text-align-center\">Bryan Cirius<\/p>\n<\/div>\n\n\n\n<div class=\"wp-block-column is-layout-flow wp-block-column-is-layout-flow\">\n<p class=\"has-text-align-center\">Sed ut pers piciatis unde omnis iste natus error sit volup tatem accus antium dolore mque laudan tium, totam rem aperiam, eaque ipsa quae ab illo inventore.<\/p>\n\n\n\n<div class=\"wp-block-image is-style-rounded\"><figure class=\"aligncenter size-large is-resized\"><img loading=\"lazy\" decoding=\"async\" src=\"http:\/\/dentalpeal.com\/wp-content\/uploads\/2021\/05\/customer-3.jpg\" alt=\"\" class=\"wp-image-84\" width=\"50\" height=\"50\" srcset=\"https:\/\/dentalpeal.com\/wp-content\/uploads\/2021\/05\/customer-3.jpg 200w, https:\/\/dentalpeal.com\/wp-content\/uploads\/2021\/05\/customer-3-150x150.jpg 150w\" sizes=\"auto, (max-width: 50px) 100vw, 50px\" \/><\/figure><\/div>\n\n\n\n<p class=\"has-text-align-center\">Jane Dowser<\/p>\n<\/div>\n<\/div>\n\n\n\n<div class=\"wp-block-columns alignwide is-layout-flex wp-container-core-columns-is-layout-28f84493 wp-block-columns-is-layout-flex\">\n<div class=\"wp-block-column is-layout-flow wp-block-column-is-layout-flow\">\n<p class=\"has-text-align-center\">Sed ut pers piciatis unde omnis iste natus error sit volup tatem accus antium dolore mque laudan tium, totam rem aperiam, eaque ipsa quae ab illo inventore.<\/p>\n\n\n\n<div class=\"wp-block-image is-style-rounded\"><figure class=\"aligncenter size-large is-resized\"><img loading=\"lazy\" decoding=\"async\" src=\"http:\/\/dentalpeal.com\/wp-content\/uploads\/2021\/05\/customer-1.jpg\" alt=\"\" class=\"wp-image-79\" width=\"50\" height=\"50\" srcset=\"https:\/\/dentalpeal.com\/wp-content\/uploads\/2021\/05\/customer-1.jpg 200w, https:\/\/dentalpeal.com\/wp-content\/uploads\/2021\/05\/customer-1-150x150.jpg 150w\" sizes=\"auto, (max-width: 50px) 100vw, 50px\" \/><\/figure><\/div>\n\n\n\n<p class=\"has-text-align-center\">Martin Foster<\/p>\n<\/div>\n\n\n\n<div class=\"wp-block-column is-layout-flow wp-block-column-is-layout-flow\">\n<p class=\"has-text-align-center\">Sed ut pers piciatis unde omnis iste natus error sit volup tatem accus antium dolore mque laudan tium, totam rem aperiam, eaque ipsa quae ab illo inventore.<\/p>\n\n\n\n<div class=\"wp-block-image is-style-rounded\"><figure class=\"aligncenter size-large is-resized\"><img loading=\"lazy\" decoding=\"async\" src=\"http:\/\/dentalpeal.com\/wp-content\/uploads\/2021\/05\/customer-3.jpg\" alt=\"\" class=\"wp-image-84\" width=\"50\" height=\"50\" srcset=\"https:\/\/dentalpeal.com\/wp-content\/uploads\/2021\/05\/customer-3.jpg 200w, https:\/\/dentalpeal.com\/wp-content\/uploads\/2021\/05\/customer-3-150x150.jpg 150w\" sizes=\"auto, (max-width: 50px) 100vw, 50px\" \/><\/figure><\/div>\n\n\n\n<p class=\"has-text-align-center\">Bryan Cirius<\/p>\n<\/div>\n\n\n\n<div class=\"wp-block-column is-layout-flow wp-block-column-is-layout-flow\">\n<p class=\"has-text-align-center\">Sed ut pers piciatis unde omnis iste natus error sit volup tatem accus antium dolore mque laudan tium, totam rem aperiam, eaque ipsa quae ab illo inventore.<\/p>\n\n\n\n<div class=\"wp-block-image is-style-rounded\"><figure class=\"aligncenter size-large is-resized\"><img loading=\"lazy\" decoding=\"async\" src=\"http:\/\/dentalpeal.com\/wp-content\/uploads\/2021\/06\/customer-4.jpg\" alt=\"\" class=\"wp-image-247\" width=\"50\" height=\"50\" srcset=\"https:\/\/dentalpeal.com\/wp-content\/uploads\/2021\/06\/customer-4.jpg 200w, https:\/\/dentalpeal.com\/wp-content\/uploads\/2021\/06\/customer-4-150x150.jpg 150w\" sizes=\"auto, (max-width: 50px) 100vw, 50px\" \/><\/figure><\/div>\n\n\n\n<p class=\"has-text-align-center\">Jane Dowser<\/p>\n<\/div>\n<\/div>\n<\/div><\/div>\n\n\n\n<div class=\"wp-block-cover alignfull\" style=\"min-height:200px;aspect-ratio:unset;\"><span aria-hidden=\"true\" class=\"has-ast-global-color-0-background-color has-background-dim-100 wp-block-cover__gradient-background has-background-dim\"><\/span><div class=\"wp-block-cover__inner-container is-layout-flow wp-block-cover-is-layout-flow\">\n<div class=\"wp-block-media-text is-stacked-on-mobile is-vertically-aligned-center\"><figure class=\"wp-block-media-text__media\"><img loading=\"lazy\" decoding=\"async\" width=\"700\" height=\"500\" src=\"http:\/\/dentalpeal.com\/wp-content\/uploads\/2021\/05\/emergency.jpg\" alt=\"\" class=\"wp-image-89 size-full\" srcset=\"https:\/\/dentalpeal.com\/wp-content\/uploads\/2021\/05\/emergency.jpg 700w, https:\/\/dentalpeal.com\/wp-content\/uploads\/2021\/05\/emergency-300x214.jpg 300w\" sizes=\"auto, (max-width: 700px) 100vw, 700px\" \/><\/figure><div class=\"wp-block-media-text__content\">\n<div class=\"inherit-container-width wp-block-group is-layout-constrained wp-block-group-is-layout-constrained\"><div class=\"wp-block-group__inner-container\">\n<h2 class=\"has-text-align-center has-white-color has-text-color wp-block-heading\">We&#8217;re here to help! Call Us Today!<\/h2>\n\n\n\n<div class=\"wp-block-buttons is-horizontal is-content-justification-center is-layout-flex wp-container-core-buttons-is-layout-03627597 wp-block-buttons-is-layout-flex\">\n<div class=\"wp-block-button\"><a class=\"wp-block-button__link has-ast-global-color-0-color has-ast-global-color-4-background-color has-text-color has-background\" href=\"#\">+1 234 567 890<\/a><\/div>\n<\/div>\n<\/div><\/div>\n<\/div><\/div>\n<\/div><\/div>\n","protected":false},"excerpt":{"rendered":"<p>Tratamos su Problema de Est\u00e9tica o Salud Dental con la Mayor Eficiencia We started off as a small 2 men army offering dedicated plumbing solutions in the neighborhood. This then expanded into a larger team offering a wider range of services at affordable prices. Whether it\u2019s repair or replacement, we make sure it\u2019s done well. &hellip;<\/p>\n<p class=\"read-more\"> <a class=\"\" href=\"https:\/\/dentalpeal.com\/?page_id=11\"> <span class=\"screen-reader-text\">SOBRE NOSOTROS<\/span> Leer m\u00e1s &raquo;<\/a><\/p>\n","protected":false},"author":1,"featured_media":0,"parent":0,"menu_order":0,"comment_status":"closed","ping_status":"closed","template":"","meta":{"om_disable_all_campaigns":false,"_monsterinsights_skip_tracking":false,"_monsterinsights_sitenote_active":false,"_monsterinsights_sitenote_note":"","_monsterinsights_sitenote_category":0,"site-sidebar-layout":"no-sidebar","site-content-layout":"plain-container","ast-site-content-layout":"","site-content-style":"default","site-sidebar-style":"default","ast-global-header-display":"","ast-banner-title-visibility":"","ast-main-header-display":"","ast-hfb-above-header-display":"","ast-hfb-below-header-display":"","ast-hfb-mobile-header-display":"","site-post-title":"disabled","ast-breadcrumbs-content":"","ast-featured-img":"","footer-sml-layout":"","theme-transparent-header-meta":"enabled","adv-header-id-meta":"","stick-header-meta":"","header-above-stick-meta":"","header-main-stick-meta":"","header-below-stick-meta":"","astra-migrate-meta-layouts":"","footnotes":""},"class_list":["post-11","page","type-page","status-publish","hentry"],"_links":{"self":[{"href":"https:\/\/dentalpeal.com\/index.php?rest_route=\/wp\/v2\/pages\/11","targetHints":{"allow":["GET"]}}],"collection":[{"href":"https:\/\/dentalpeal.com\/index.php?rest_route=\/wp\/v2\/pages"}],"about":[{"href":"https:\/\/dentalpeal.com\/index.php?rest_route=\/wp\/v2\/types\/page"}],"author":[{"embeddable":true,"href":"https:\/\/dentalpeal.com\/index.php?rest_route=\/wp\/v2\/users\/1"}],"replies":[{"embeddable":true,"href":"https:\/\/dentalpeal.com\/index.php?rest_route=%2Fwp%2Fv2%2Fcomments&post=11"}],"version-history":[{"count":4,"href":"https:\/\/dentalpeal.com\/index.php?rest_route=\/wp\/v2\/pages\/11\/revisions"}],"predecessor-version":[{"id":259,"href":"https:\/\/dentalpeal.com\/index.php?rest_route=\/wp\/v2\/pages\/11\/revisions\/259"}],"wp:attachment":[{"href":"https:\/\/dentalpeal.com\/index.php?rest_route=%2Fwp%2Fv2%2Fmedia&parent=11"}],"curies":[{"name":"wp","href":"https:\/\/api.w.org\/{rel}","templated":true}]}}